{"id":309,"date":"2025-12-27T14:53:46","date_gmt":"2025-12-27T14:53:46","guid":{"rendered":"https:\/\/alpebrasil.com\/?page_id=309"},"modified":"2026-02-25T21:50:23","modified_gmt":"2026-02-25T21:50:23","slug":"contato","status":"publish","type":"page","link":"https:\/\/alpebrasil.com\/ar\/contato\/","title":{"rendered":"Contato"},"content":{"rendered":"<div data-elementor-type=\"wp-page\" data-elementor-id=\"309\" class=\"elementor elementor-309\" data-elementor-post-type=\"page\">\n\t\t\t\t<div data-particle_enable=\"false\" data-particle-mobile-disabled=\"false\" class=\"elementor-element elementor-element-5677669 e-flex e-con-boxed e-con e-parent\" data-id=\"5677669\" data-element_type=\"container\" data-settings=\"{&quot;background_background&quot;:&quot;classic&quot;}\">\n\t\t\t\t\t<div class=\"e-con-inner\">\n\t\t<div data-particle_enable=\"false\" data-particle-mobile-disabled=\"false\" class=\"elementor-element elementor-element-648919e e-con-full e-flex e-con e-child\" data-id=\"648919e\" data-element_type=\"container\">\n\t\t<div data-particle_enable=\"false\" data-particle-mobile-disabled=\"false\" class=\"elementor-element elementor-element-6d63a35 e-con-full e-flex e-con e-child\" data-id=\"6d63a35\" data-element_type=\"container\">\n\t\t<div data-particle_enable=\"false\" data-particle-mobile-disabled=\"false\" class=\"elementor-element elementor-element-13bd48f e-con-full e-flex e-con e-child\" data-id=\"13bd48f\" data-element_type=\"container\">\n\t\t\t\t<div class=\"elementor-element elementor-element-fc326e5 elementor-invisible elementor-widget elementor-widget-heading\" data-id=\"fc326e5\" data-element_type=\"widget\" data-settings=\"{&quot;_animation&quot;:&quot;fadeInUp&quot;}\" data-widget_type=\"heading.default\">\n\t\t\t\t\t<h2 class=\"elementor-heading-title elementor-size-default\">FALE CONOSCO<\/h2>\t\t\t\t<\/div>\n\t\t\t\t<div class=\"elementor-element elementor-element-5120b82 elementor-widget__width-initial elementor-invisible elementor-widget elementor-widget-heading\" data-id=\"5120b82\" data-element_type=\"widget\" data-settings=\"{&quot;_animation&quot;:&quot;fadeInUp&quot;}\" data-widget_type=\"heading.default\">\n\t\t\t\t\t<h2 class=\"elementor-heading-title elementor-size-default\">Vamos conectar seu neg\u00f3cio ao mundo?<\/h2>\t\t\t\t<\/div>\n\t\t\t\t<div class=\"elementor-element elementor-element-734a255 elementor-widget__width-initial elementor-invisible elementor-widget elementor-widget-heading\" data-id=\"734a255\" data-element_type=\"widget\" data-settings=\"{&quot;_animation&quot;:&quot;fadeInUp&quot;}\" data-widget_type=\"heading.default\">\n\t\t\t\t\t<h2 class=\"elementor-heading-title elementor-size-default\">Use o formul\u00e1rio para falar com nosso time. Geralmente respondemos em menos de 24 horas \u00fateis<\/h2>\t\t\t\t<\/div>\n\t\t\t\t<\/div>\n\t\t<div data-particle_enable=\"false\" data-particle-mobile-disabled=\"false\" class=\"elementor-element elementor-element-86397b5 e-con-full e-flex e-con e-child\" data-id=\"86397b5\" data-element_type=\"container\">\n\t\t<div data-particle_enable=\"false\" data-particle-mobile-disabled=\"false\" class=\"elementor-element elementor-element-cbe8bec e-con-full e-flex elementor-invisible e-con e-child\" data-id=\"cbe8bec\" data-element_type=\"container\" data-settings=\"{&quot;background_background&quot;:&quot;classic&quot;,&quot;animation&quot;:&quot;fadeInUp&quot;}\">\n\t\t\t\t<div class=\"elementor-element elementor-element-85c9552 icon-nomargin elementor-widget elementor-widget-image\" data-id=\"85c9552\" data-element_type=\"widget\" data-widget_type=\"image.default\">\n\t\t\t\t\t\t\t\t\t\t\t\t\t\t\t<img decoding=\"async\" width=\"48\" height=\"48\" src=\"https:\/\/alpebrasil.com\/wp-content\/uploads\/2025\/12\/loc.svg\" class=\"attachment-large size-large wp-image-315\" alt=\"\" \/>\t\t\t\t\t\t\t\t\t\t\t\t\t\t\t<\/div>\n\t\t\t\t<div class=\"elementor-element elementor-element-6a659e4 elementor-widget__width-auto elementor-invisible elementor-widget elementor-widget-heading\" data-id=\"6a659e4\" data-element_type=\"widget\" data-settings=\"{&quot;_animation&quot;:&quot;fadeInUp&quot;}\" data-widget_type=\"heading.default\">\n\t\t\t\t\t<h2 class=\"elementor-heading-title elementor-size-default\">Onde estamos localizados<\/h2>\t\t\t\t<\/div>\n\t\t\t\t<div class=\"elementor-element elementor-element-cbd4504 elementor-widget__width-auto elementor-invisible elementor-widget elementor-widget-heading\" data-id=\"cbd4504\" data-element_type=\"widget\" data-settings=\"{&quot;_animation&quot;:&quot;fadeInUp&quot;}\" data-widget_type=\"heading.default\">\n\t\t\t\t\t<h2 class=\"elementor-heading-title elementor-size-default\">Avenida Tancredo Neves, 2539, Sala 2609 , Salvador Shopping Torre Londres, Caminho das \u00c1rvores, Salvador - BA, 41820-021<\/h2>\t\t\t\t<\/div>\n\t\t\t\t<\/div>\n\t\t<div data-particle_enable=\"false\" data-particle-mobile-disabled=\"false\" class=\"elementor-element elementor-element-146ffc8 e-con-full e-flex elementor-invisible e-con e-child\" data-id=\"146ffc8\" data-element_type=\"container\" data-settings=\"{&quot;background_background&quot;:&quot;classic&quot;,&quot;animation&quot;:&quot;fadeInUp&quot;}\">\n\t\t<div data-particle_enable=\"false\" data-particle-mobile-disabled=\"false\" class=\"elementor-element elementor-element-8411a8d e-con-full e-flex e-con e-child\" data-id=\"8411a8d\" data-element_type=\"container\">\n\t\t\t\t<div class=\"elementor-element elementor-element-bb27946 elementor-widget elementor-widget-image\" data-id=\"bb27946\" data-element_type=\"widget\" data-widget_type=\"image.default\">\n\t\t\t\t\t\t\t\t\t\t\t\t\t\t\t<img decoding=\"async\" width=\"71\" height=\"71\" src=\"https:\/\/alpebrasil.com\/wp-content\/uploads\/2025\/12\/Brasil.png\" class=\"attachment-large size-large wp-image-322\" alt=\"\" srcset=\"https:\/\/alpebrasil.com\/wp-content\/uploads\/2025\/12\/Brasil.png 71w, https:\/\/alpebrasil.com\/wp-content\/uploads\/2025\/12\/Brasil-12x12.png 12w\" sizes=\"(max-width: 71px) 100vw, 71px\" \/>\t\t\t\t\t\t\t\t\t\t\t\t\t\t\t<\/div>\n\t\t\t\t<div class=\"elementor-element elementor-element-464bbcf elementor-widget__width-auto elementor-invisible elementor-widget elementor-widget-heading\" data-id=\"464bbcf\" data-element_type=\"widget\" data-settings=\"{&quot;_animation&quot;:&quot;fadeInUp&quot;}\" data-widget_type=\"heading.default\">\n\t\t\t\t\t<h2 class=\"elementor-heading-title elementor-size-default\">BRASIL<\/h2>\t\t\t\t<\/div>\n\t\t\t\t<\/div>\n\t\t<div data-particle_enable=\"false\" data-particle-mobile-disabled=\"false\" class=\"elementor-element elementor-element-70fc7f0 e-con-full e-flex e-con e-child\" data-id=\"70fc7f0\" data-element_type=\"container\">\n\t\t\t\t<div class=\"elementor-element elementor-element-1363249 elementor-widget__width-auto elementor-invisible elementor-widget elementor-widget-heading\" data-id=\"1363249\" data-element_type=\"widget\" data-settings=\"{&quot;_animation&quot;:&quot;fadeInUp&quot;}\" data-widget_type=\"heading.default\">\n\t\t\t\t\t<h2 class=\"elementor-heading-title elementor-size-default\">+55 (11) 99669-7581<\/h2>\t\t\t\t<\/div>\n\t\t\t\t<div class=\"elementor-element elementor-element-f05178c elementor-widget__width-auto elementor-invisible elementor-widget elementor-widget-heading\" data-id=\"f05178c\" data-element_type=\"widget\" data-settings=\"{&quot;_animation&quot;:&quot;fadeInUp&quot;}\" data-widget_type=\"heading.default\">\n\t\t\t\t\t<h2 class=\"elementor-heading-title elementor-size-default\">WHATSAPP<\/h2>\t\t\t\t<\/div>\n\t\t\t\t<\/div>\n\t\t\t\t<\/div>\n\t\t<div data-particle_enable=\"false\" data-particle-mobile-disabled=\"false\" class=\"elementor-element elementor-element-ed712fc e-con-full e-flex elementor-invisible e-con e-child\" data-id=\"ed712fc\" data-element_type=\"container\" data-settings=\"{&quot;background_background&quot;:&quot;classic&quot;,&quot;animation&quot;:&quot;fadeInUp&quot;}\">\n\t\t<div data-particle_enable=\"false\" data-particle-mobile-disabled=\"false\" class=\"elementor-element elementor-element-3c7aa1a e-con-full e-flex e-con e-child\" data-id=\"3c7aa1a\" data-element_type=\"container\">\n\t\t\t\t<div class=\"elementor-element elementor-element-84c78aa elementor-widget elementor-widget-image\" data-id=\"84c78aa\" data-element_type=\"widget\" data-widget_type=\"image.default\">\n\t\t\t\t\t\t\t\t\t\t\t\t\t\t\t<img decoding=\"async\" width=\"72\" height=\"72\" src=\"https:\/\/alpebrasil.com\/wp-content\/uploads\/2025\/12\/China.png\" class=\"attachment-large size-large wp-image-321\" alt=\"\" srcset=\"https:\/\/alpebrasil.com\/wp-content\/uploads\/2025\/12\/China.png 72w, https:\/\/alpebrasil.com\/wp-content\/uploads\/2025\/12\/China-12x12.png 12w\" sizes=\"(max-width: 72px) 100vw, 72px\" \/>\t\t\t\t\t\t\t\t\t\t\t\t\t\t\t<\/div>\n\t\t\t\t<div class=\"elementor-element elementor-element-ae066c2 elementor-widget__width-auto elementor-invisible elementor-widget elementor-widget-heading\" data-id=\"ae066c2\" data-element_type=\"widget\" data-settings=\"{&quot;_animation&quot;:&quot;fadeInUp&quot;}\" data-widget_type=\"heading.default\">\n\t\t\t\t\t<h2 class=\"elementor-heading-title elementor-size-default\">\u00c1SIA<\/h2>\t\t\t\t<\/div>\n\t\t\t\t<\/div>\n\t\t<div data-particle_enable=\"false\" data-particle-mobile-disabled=\"false\" class=\"elementor-element elementor-element-32a6fa3 e-con-full e-flex e-con e-child\" data-id=\"32a6fa3\" data-element_type=\"container\">\n\t\t\t\t<div class=\"elementor-element elementor-element-663e45f elementor-widget__width-auto elementor-invisible elementor-widget elementor-widget-heading\" data-id=\"663e45f\" data-element_type=\"widget\" data-settings=\"{&quot;_animation&quot;:&quot;fadeInUp&quot;}\" data-widget_type=\"heading.default\">\n\t\t\t\t\t<h2 class=\"elementor-heading-title elementor-size-default\">+375 29 655-8554<\/h2>\t\t\t\t<\/div>\n\t\t\t\t<div class=\"elementor-element elementor-element-e1926d6 elementor-widget__width-auto elementor-invisible elementor-widget elementor-widget-heading\" data-id=\"e1926d6\" data-element_type=\"widget\" data-settings=\"{&quot;_animation&quot;:&quot;fadeInUp&quot;}\" data-widget_type=\"heading.default\">\n\t\t\t\t\t<h2 class=\"elementor-heading-title elementor-size-default\">WECHAT<\/h2>\t\t\t\t<\/div>\n\t\t\t\t<div class=\"elementor-element elementor-element-15f3808 elementor-widget__width-auto elementor-invisible elementor-widget elementor-widget-heading\" data-id=\"15f3808\" data-element_type=\"widget\" data-settings=\"{&quot;_animation&quot;:&quot;fadeInUp&quot;}\" data-widget_type=\"heading.default\">\n\t\t\t\t\t<h2 class=\"elementor-heading-title elementor-size-default\">WHATSAPP<\/h2>\t\t\t\t<\/div>\n\t\t\t\t<div class=\"elementor-element elementor-element-8d6f7f9 elementor-widget__width-auto elementor-invisible elementor-widget elementor-widget-heading\" data-id=\"8d6f7f9\" data-element_type=\"widget\" data-settings=\"{&quot;_animation&quot;:&quot;fadeInUp&quot;}\" data-widget_type=\"heading.default\">\n\t\t\t\t\t<h2 class=\"elementor-heading-title elementor-size-default\">TELEGRAM<\/h2>\t\t\t\t<\/div>\n\t\t\t\t<div class=\"elementor-element elementor-element-8b52f62 elementor-widget__width-auto elementor-invisible elementor-widget elementor-widget-heading\" data-id=\"8b52f62\" data-element_type=\"widget\" data-settings=\"{&quot;_animation&quot;:&quot;fadeInUp&quot;}\" data-widget_type=\"heading.default\">\n\t\t\t\t\t<h2 class=\"elementor-heading-title elementor-size-default\">IMO<\/h2>\t\t\t\t<\/div>\n\t\t\t\t<\/div>\n\t\t\t\t<\/div>\n\t\t<div data-particle_enable=\"false\" data-particle-mobile-disabled=\"false\" class=\"elementor-element elementor-element-3792ff6 e-con-full e-flex elementor-invisible e-con e-child\" data-id=\"3792ff6\" data-element_type=\"container\" data-settings=\"{&quot;background_background&quot;:&quot;classic&quot;,&quot;animation&quot;:&quot;fadeInUp&quot;}\">\n\t\t<div data-particle_enable=\"false\" data-particle-mobile-disabled=\"false\" class=\"elementor-element elementor-element-ee86837 e-con-full e-flex e-con e-child\" data-id=\"ee86837\" data-element_type=\"container\">\n\t\t\t\t<div class=\"elementor-element elementor-element-ce86ae2 elementor-widget elementor-widget-image\" data-id=\"ce86ae2\" data-element_type=\"widget\" data-widget_type=\"image.default\">\n\t\t\t\t\t\t\t\t\t\t\t\t\t\t\t<img loading=\"lazy\" decoding=\"async\" width=\"160\" height=\"160\" src=\"https:\/\/alpebrasil.com\/wp-content\/uploads\/2026\/01\/flag-united-states_1f1fa-1f1f8.png\" class=\"attachment-large size-large wp-image-835\" alt=\"\" srcset=\"https:\/\/alpebrasil.com\/wp-content\/uploads\/2026\/01\/flag-united-states_1f1fa-1f1f8.png 160w, https:\/\/alpebrasil.com\/wp-content\/uploads\/2026\/01\/flag-united-states_1f1fa-1f1f8-150x150.png 150w, https:\/\/alpebrasil.com\/wp-content\/uploads\/2026\/01\/flag-united-states_1f1fa-1f1f8-12x12.png 12w\" sizes=\"(max-width: 160px) 100vw, 160px\" \/>\t\t\t\t\t\t\t\t\t\t\t\t\t\t\t<\/div>\n\t\t\t\t<div class=\"elementor-element elementor-element-f65977c elementor-widget elementor-widget-image\" data-id=\"f65977c\" data-element_type=\"widget\" data-widget_type=\"image.default\">\n\t\t\t\t\t\t\t\t\t\t\t\t\t\t\t<img loading=\"lazy\" decoding=\"async\" width=\"275\" height=\"183\" src=\"https:\/\/alpebrasil.com\/wp-content\/uploads\/2026\/01\/images.png\" class=\"attachment-large size-large wp-image-836\" alt=\"\" srcset=\"https:\/\/alpebrasil.com\/wp-content\/uploads\/2026\/01\/images.png 275w, https:\/\/alpebrasil.com\/wp-content\/uploads\/2026\/01\/images-18x12.png 18w\" sizes=\"(max-width: 275px) 100vw, 275px\" \/>\t\t\t\t\t\t\t\t\t\t\t\t\t\t\t<\/div>\n\t\t\t\t<div class=\"elementor-element elementor-element-e95f859 elementor-widget__width-auto elementor-invisible elementor-widget elementor-widget-heading\" data-id=\"e95f859\" data-element_type=\"widget\" data-settings=\"{&quot;_animation&quot;:&quot;fadeInUp&quot;}\" data-widget_type=\"heading.default\">\n\t\t\t\t\t<h2 class=\"elementor-heading-title elementor-size-default\">EUROPA E AMERICA<\/h2>\t\t\t\t<\/div>\n\t\t\t\t<\/div>\n\t\t<div data-particle_enable=\"false\" data-particle-mobile-disabled=\"false\" class=\"elementor-element elementor-element-1e88547 e-con-full e-flex e-con e-child\" data-id=\"1e88547\" data-element_type=\"container\">\n\t\t\t\t<div class=\"elementor-element elementor-element-48ddb77 elementor-widget__width-auto elementor-invisible elementor-widget elementor-widget-heading\" data-id=\"48ddb77\" data-element_type=\"widget\" data-settings=\"{&quot;_animation&quot;:&quot;fadeInUp&quot;}\" data-widget_type=\"heading.default\">\n\t\t\t\t\t<h2 class=\"elementor-heading-title elementor-size-default\">+1 (317) 514-5885<\/h2>\t\t\t\t<\/div>\n\t\t\t\t<div class=\"elementor-element elementor-element-02f202a elementor-widget__width-auto elementor-invisible elementor-widget elementor-widget-heading\" data-id=\"02f202a\" data-element_type=\"widget\" data-settings=\"{&quot;_animation&quot;:&quot;fadeInUp&quot;}\" data-widget_type=\"heading.default\">\n\t\t\t\t\t<h2 class=\"elementor-heading-title elementor-size-default\">WHATSAPP<\/h2>\t\t\t\t<\/div>\n\t\t\t\t<div class=\"elementor-element elementor-element-a8fcf1f elementor-widget__width-auto elementor-invisible elementor-widget elementor-widget-heading\" data-id=\"a8fcf1f\" data-element_type=\"widget\" data-settings=\"{&quot;_animation&quot;:&quot;fadeInUp&quot;}\" data-widget_type=\"heading.default\">\n\t\t\t\t\t<h2 class=\"elementor-heading-title elementor-size-default\">VIBER<\/h2>\t\t\t\t<\/div>\n\t\t\t\t<div class=\"elementor-element elementor-element-290a80a elementor-widget__width-auto elementor-invisible elementor-widget elementor-widget-heading\" data-id=\"290a80a\" data-element_type=\"widget\" data-settings=\"{&quot;_animation&quot;:&quot;fadeInUp&quot;}\" data-widget_type=\"heading.default\">\n\t\t\t\t\t<h2 class=\"elementor-heading-title elementor-size-default\">TELEGRAM<\/h2>\t\t\t\t<\/div>\n\t\t\t\t<\/div>\n\t\t\t\t<\/div>\n\t\t\t\t<\/div>\n\t\t\t\t<\/div>\n\t\t<div data-particle_enable=\"false\" data-particle-mobile-disabled=\"false\" class=\"elementor-element elementor-element-44f7756 e-con-full e-flex e-con e-child\" data-id=\"44f7756\" data-element_type=\"container\" data-settings=\"{&quot;background_background&quot;:&quot;classic&quot;}\">\n\t\t<div data-particle_enable=\"false\" data-particle-mobile-disabled=\"false\" class=\"elementor-element elementor-element-c6b0d03 e-con-full e-flex elementor-invisible e-con e-child\" data-id=\"c6b0d03\" data-element_type=\"container\" data-settings=\"{&quot;background_background&quot;:&quot;classic&quot;,&quot;sticky&quot;:&quot;top&quot;,&quot;sticky_offset&quot;:20,&quot;sticky_parent&quot;:&quot;yes&quot;,&quot;animation&quot;:&quot;fadeInUp&quot;,&quot;sticky_on&quot;:[&quot;desktop&quot;,&quot;tablet&quot;,&quot;mobile&quot;],&quot;sticky_effects_offset&quot;:0,&quot;sticky_anchor_link_offset&quot;:0}\">\n\t\t\t\t<div class=\"elementor-element elementor-element-8846dad elementor-widget__width-auto elementor-invisible elementor-widget elementor-widget-heading\" data-id=\"8846dad\" data-element_type=\"widget\" data-settings=\"{&quot;_animation&quot;:&quot;fadeInUp&quot;}\" data-widget_type=\"heading.default\">\n\t\t\t\t\t<h2 class=\"elementor-heading-title elementor-size-default\">Entre em contato<\/h2>\t\t\t\t<\/div>\n\t\t\t\t<div class=\"elementor-element elementor-element-3c0163d elementor-widget-divider--view-line elementor-widget elementor-widget-divider\" data-id=\"3c0163d\" data-element_type=\"widget\" data-widget_type=\"divider.default\">\n\t\t\t\t\t\t\t<div class=\"elementor-divider\">\n\t\t\t<span class=\"elementor-divider-separator\">\n\t\t\t\t\t\t<\/span>\n\t\t<\/div>\n\t\t\t\t\t\t<\/div>\n\t\t<div data-particle_enable=\"false\" data-particle-mobile-disabled=\"false\" class=\"elementor-element elementor-element-ba9a234 e-con-full e-flex e-con e-child\" data-id=\"ba9a234\" data-element_type=\"container\">\n\t\t\t\t<div class=\"elementor-element elementor-element-7e59ce4 elementor-button-align-stretch elementor-invisible elementor-widget elementor-widget-form\" data-id=\"7e59ce4\" data-element_type=\"widget\" data-settings=\"{&quot;step_next_label&quot;:&quot;Next&quot;,&quot;step_previous_label&quot;:&quot;Previous&quot;,&quot;_animation&quot;:&quot;fadeInUp&quot;,&quot;button_width&quot;:&quot;100&quot;,&quot;step_type&quot;:&quot;number_text&quot;,&quot;step_icon_shape&quot;:&quot;circle&quot;}\" data-widget_type=\"form.default\">\n\t\t\t\t\t\t\t<form class=\"elementor-form\" method=\"post\" name=\"CONTATO\" aria-label=\"CONTATO\">\n\t\t\t<input type=\"hidden\" name=\"post_id\" value=\"309\"\/>\n\t\t\t<input type=\"hidden\" name=\"form_id\" value=\"7e59ce4\"\/>\n\t\t\t<input type=\"hidden\" name=\"referer_title\" value=\"Contato\" \/>\n\n\t\t\t\t\t\t\t<input type=\"hidden\" name=\"queried_id\" value=\"309\"\/>\n\t\t\t\n\t\t\t<div class=\"elementor-form-fields-wrapper elementor-labels-above\">\n\t\t\t\t\t\t\t\t<div class=\"elementor-field-type-text elementor-field-group elementor-column elementor-field-group-name elementor-col-100 elementor-field-required\">\n\t\t\t\t\t\t\t\t\t\t\t\t<label for=\"form-field-name\" class=\"elementor-field-label\">\n\t\t\t\t\t\t\t\tNome completo\t\t\t\t\t\t\t<\/label>\n\t\t\t\t\t\t\t\t\t\t\t\t\t\t<input size=\"1\" type=\"text\" name=\"form_fields[name]\" id=\"form-field-name\" class=\"elementor-field elementor-size-sm  elementor-field-textual\" placeholder=\"Digite o seu nome completo\" required=\"required\">\n\t\t\t\t\t\t\t\t\t\t\t<\/div>\n\t\t\t\t\t\t\t\t<div class=\"elementor-field-type-email elementor-field-group elementor-column elementor-field-group-field_4ca78a8 elementor-col-100 elementor-field-required\">\n\t\t\t\t\t\t\t\t\t\t\t\t<label for=\"form-field-field_4ca78a8\" class=\"elementor-field-label\">\n\t\t\t\t\t\t\t\tEmail\t\t\t\t\t\t\t<\/label>\n\t\t\t\t\t\t\t\t\t\t\t\t\t\t<input size=\"1\" type=\"email\" name=\"form_fields[field_4ca78a8]\" id=\"form-field-field_4ca78a8\" class=\"elementor-field elementor-size-sm  elementor-field-textual\" placeholder=\"Digite o seu email\" required=\"required\">\n\t\t\t\t\t\t\t\t\t\t\t<\/div>\n\t\t\t\t\t\t\t\t<div class=\"elementor-field-type-text elementor-field-group elementor-column elementor-field-group-field_315de42 elementor-col-100\">\n\t\t\t\t\t\t\t\t\t\t\t\t<label for=\"form-field-field_315de42\" class=\"elementor-field-label\">\n\t\t\t\t\t\t\t\tEmpresa\t\t\t\t\t\t\t<\/label>\n\t\t\t\t\t\t\t\t\t\t\t\t\t\t<input size=\"1\" type=\"text\" name=\"form_fields[field_315de42]\" id=\"form-field-field_315de42\" class=\"elementor-field elementor-size-sm  elementor-field-textual\" placeholder=\"Digite o nome da sua empresa\">\n\t\t\t\t\t\t\t\t\t\t\t<\/div>\n\t\t\t\t\t\t\t\t<div class=\"elementor-field-type-tel elementor-field-group elementor-column elementor-field-group-field_f4fc9ec elementor-col-100 elementor-field-required\">\n\t\t\t\t\t\t\t\t\t\t\t\t<label for=\"form-field-field_f4fc9ec\" class=\"elementor-field-label\">\n\t\t\t\t\t\t\t\tN\u00famero de telefone\t\t\t\t\t\t\t<\/label>\n\t\t\t\t\t\t\t\t<input size=\"1\" type=\"tel\" name=\"form_fields[field_f4fc9ec]\" id=\"form-field-field_f4fc9ec\" class=\"elementor-field elementor-size-sm  elementor-field-textual\" placeholder=\"Digite seu n\u00famero de telefone\" required=\"required\" pattern=\"[0-9()#&amp;+*-=.]+\" title=\"Only numbers and phone characters (#, -, *, etc) are accepted.\" data-no-translation-title=\"\">\n\n\t\t\t\t\t\t<\/div>\n\t\t\t\t\t\t\t\t<div class=\"elementor-field-type-text elementor-field-group elementor-column elementor-field-group-field_d7fcc4d elementor-col-100 elementor-field-required\">\n\t\t\t\t\t\t\t\t\t\t\t\t<label for=\"form-field-field_d7fcc4d\" class=\"elementor-field-label\">\n\t\t\t\t\t\t\t\tOnde voc\u00ea est\u00e1 localizado?\t\t\t\t\t\t\t<\/label>\n\t\t\t\t\t\t\t\t\t\t\t\t\t\t<input size=\"1\" type=\"text\" name=\"form_fields[field_d7fcc4d]\" id=\"form-field-field_d7fcc4d\" class=\"elementor-field elementor-size-sm  elementor-field-textual\" placeholder=\"Digite o pa\u00eds em que voc\u00ea est\u00e1 localizado\" required=\"required\">\n\t\t\t\t\t\t\t\t\t\t\t<\/div>\n\t\t\t\t\t\t\t\t<div class=\"elementor-field-group elementor-column elementor-field-type-submit elementor-col-100 e-form__buttons\">\n\t\t\t\t\t<button class=\"elementor-button elementor-size-sm\" type=\"submit\">\n\t\t\t\t\t\t<span class=\"elementor-button-content-wrapper\">\n\t\t\t\t\t\t\t\t\t\t\t\t\t\t\t<span class=\"elementor-button-icon\">\n\t\t\t\t\t\t\t\t\t<svg xmlns=\"http:\/\/www.w3.org\/2000\/svg\" width=\"32\" height=\"32\" fill=\"#000000\" viewbox=\"0 0 256 256\"><path d=\"M221.66,133.66l-72,72a8,8,0,0,1-11.32-11.32L196.69,136H40a8,8,0,0,1,0-16H196.69L138.34,61.66a8,8,0,0,1,11.32-11.32l72,72A8,8,0,0,1,221.66,133.66Z\"><\/path><\/svg>\t\t\t\t\t\t\t\t\t\t\t\t\t\t\t\t\t<\/span>\n\t\t\t\t\t\t\t\t\t\t\t\t\t\t\t\t\t\t\t\t\t\t<span class=\"elementor-button-text\">Enviar solicita\u00e7\u00e3o<\/span>\n\t\t\t\t\t\t\t\t\t\t\t\t\t<\/span>\n\t\t\t\t\t<\/button>\n\t\t\t\t<\/div>\n\t\t\t<\/div>\n\t\t<input type=\"hidden\" name=\"trp-form-language\" value=\"ar\"\/><\/form>\n\t\t\t\t\t\t<\/div>\n\t\t\t\t<div class=\"elementor-element elementor-element-80d8c58 elementor-absolute elementor-widget-divider--view-line elementor-widget elementor-widget-divider\" data-id=\"80d8c58\" data-element_type=\"widget\" data-settings=\"{&quot;_position&quot;:&quot;absolute&quot;}\" data-widget_type=\"divider.default\">\n\t\t\t\t\t\t\t<div class=\"elementor-divider\">\n\t\t\t<span class=\"elementor-divider-separator\">\n\t\t\t\t\t\t<\/span>\n\t\t<\/div>\n\t\t\t\t\t\t<\/div>\n\t\t\t\t<\/div>\n\t\t\t\t<div class=\"elementor-element elementor-element-75ae135 elementor-icon-list--layout-traditional elementor-list-item-link-full_width elementor-widget elementor-widget-icon-list\" data-id=\"75ae135\" data-element_type=\"widget\" data-widget_type=\"icon-list.default\">\n\t\t\t\t\t\t\t<ul class=\"elementor-icon-list-items\">\n\t\t\t\t\t\t\t<li class=\"elementor-icon-list-item\">\n\t\t\t\t\t\t\t\t\t\t\t<span class=\"elementor-icon-list-icon\">\n\t\t\t\t\t\t\t<svg xmlns=\"http:\/\/www.w3.org\/2000\/svg\" width=\"32\" height=\"32\" fill=\"#000000\" viewbox=\"0 0 256 256\"><path d=\"M208,40H48A16,16,0,0,0,32,56v56c0,52.72,25.52,84.67,46.93,102.19,23.06,18.86,46,25.26,47,25.53a8,8,0,0,0,4.2,0c1-.27,23.91-6.67,47-25.53C198.48,196.67,224,164.72,224,112V56A16,16,0,0,0,208,40Zm0,72c0,37.07-13.66,67.16-40.6,89.42A129.3,129.3,0,0,1,128,223.62a128.25,128.25,0,0,1-38.92-21.81C61.82,179.51,48,149.3,48,112l0-56,160,0ZM82.34,141.66a8,8,0,0,1,11.32-11.32L112,148.69l50.34-50.35a8,8,0,0,1,11.32,11.32l-56,56a8,8,0,0,1-11.32,0Z\"><\/path><\/svg>\t\t\t\t\t\t<\/span>\n\t\t\t\t\t\t\t\t\t\t<span class=\"elementor-icon-list-text\">Suas informa\u00e7\u00f5es est\u00e3o seguras<\/span>\n\t\t\t\t\t\t\t\t\t<\/li>\n\t\t\t\t\t\t<\/ul>\n\t\t\t\t\t\t<\/div>\n\t\t\t\t<\/div>\n\t\t\t\t<\/div>\n\t\t\t\t<\/div>\n\t\t\t\t\t<\/div>\n\t\t\t\t<\/div>\n\t\t\t\t<\/div>","protected":false},"excerpt":{"rendered":"<p>FALE CONOSCO Vamos conectar seu neg\u00f3cio ao mundo? Use o formul\u00e1rio para falar com nosso time. Geralmente respondemos em menos de 24 horas \u00fateis Onde estamos localizados Avenida Tancredo Neves, 2539, Sala 2609 , Salvador Shopping Torre Londres, Caminho das \u00c1rvores, Salvador &#8211; BA, 41820-021 BRASIL +55 (11) 99669-7581 WHATSAPP \u00c1SIA +375 29 655-8554 WECHAT [&hellip;]<\/p>","protected":false},"author":1,"featured_media":0,"parent":0,"menu_order":0,"comment_status":"closed","ping_status":"closed","template":"","meta":{"footnotes":""},"class_list":["post-309","page","type-page","status-publish","hentry"],"_links":{"self":[{"href":"https:\/\/alpebrasil.com\/ar\/wp-json\/wp\/v2\/pages\/309","targetHints":{"allow":["GET"]}}],"collection":[{"href":"https:\/\/alpebrasil.com\/ar\/wp-json\/wp\/v2\/pages"}],"about":[{"href":"https:\/\/alpebrasil.com\/ar\/wp-json\/wp\/v2\/types\/page"}],"author":[{"embeddable":true,"href":"https:\/\/alpebrasil.com\/ar\/wp-json\/wp\/v2\/users\/1"}],"replies":[{"embeddable":true,"href":"https:\/\/alpebrasil.com\/ar\/wp-json\/wp\/v2\/comments?post=309"}],"version-history":[{"count":85,"href":"https:\/\/alpebrasil.com\/ar\/wp-json\/wp\/v2\/pages\/309\/revisions"}],"predecessor-version":[{"id":953,"href":"https:\/\/alpebrasil.com\/ar\/wp-json\/wp\/v2\/pages\/309\/revisions\/953"}],"wp:attachment":[{"href":"https:\/\/alpebrasil.com\/ar\/wp-json\/wp\/v2\/media?parent=309"}],"curies":[{"name":"wp","href":"https:\/\/api.w.org\/{rel}","templated":true}]}}