{"id":371,"date":"2025-12-27T16:36:56","date_gmt":"2025-12-27T16:36:56","guid":{"rendered":"https:\/\/alpebrasil.com\/?page_id=371"},"modified":"2026-01-20T16:38:44","modified_gmt":"2026-01-20T16:38:44","slug":"parceiros","status":"publish","type":"page","link":"https:\/\/alpebrasil.com\/zh\/parceiros\/","title":{"rendered":"\u5408\u4f5c\u4f19\u4f34"},"content":{"rendered":"<div data-elementor-type=\"wp-page\" data-elementor-id=\"371\" class=\"elementor elementor-371\" data-elementor-post-type=\"page\">\n\t\t\t\t<div data-particle_enable=\"false\" data-particle-mobile-disabled=\"false\" class=\"elementor-element elementor-element-a8783a6 e-flex e-con-boxed e-con e-parent\" data-id=\"a8783a6\" data-element_type=\"container\" data-settings=\"{&quot;background_background&quot;:&quot;classic&quot;}\">\n\t\t\t\t\t<div class=\"e-con-inner\">\n\t\t<div data-particle_enable=\"false\" data-particle-mobile-disabled=\"false\" class=\"elementor-element elementor-element-9ee27d7 e-con-full e-flex e-con e-child\" data-id=\"9ee27d7\" data-element_type=\"container\">\n\t\t<div data-particle_enable=\"false\" data-particle-mobile-disabled=\"false\" class=\"elementor-element elementor-element-705f1a8 e-con-full e-flex e-con e-child\" data-id=\"705f1a8\" data-element_type=\"container\">\n\t\t<div data-particle_enable=\"false\" data-particle-mobile-disabled=\"false\" class=\"elementor-element elementor-element-4f99554 e-con-full e-flex e-con e-child\" data-id=\"4f99554\" data-element_type=\"container\">\n\t\t\t\t<div class=\"elementor-element elementor-element-106b765 elementor-invisible elementor-widget elementor-widget-heading\" data-id=\"106b765\" data-element_type=\"widget\" data-settings=\"{&quot;_animation&quot;:&quot;fadeInUp&quot;}\" data-widget_type=\"heading.default\">\n\t\t\t\t\t<h2 class=\"elementor-heading-title elementor-size-default\">\u8054\u7cfb\u6211\u4eec<\/h2>\t\t\t\t<\/div>\n\t\t\t\t<div class=\"elementor-element elementor-element-870ff9b elementor-widget__width-initial elementor-invisible elementor-widget elementor-widget-heading\" data-id=\"870ff9b\" data-element_type=\"widget\" data-settings=\"{&quot;_animation&quot;:&quot;fadeInUp&quot;}\" data-widget_type=\"heading.default\">\n\t\t\t\t\t<h2 class=\"elementor-heading-title elementor-size-default\">\u6210\u70ba\u6211\u5011\u7684\u5408\u4f5c\u5925\u4f34\u3002<\/h2>\t\t\t\t<\/div>\n\t\t\t\t<div class=\"elementor-element elementor-element-0a26773 elementor-widget__width-initial elementor-invisible elementor-widget elementor-widget-heading\" data-id=\"0a26773\" data-element_type=\"widget\" data-settings=\"{&quot;_animation&quot;:&quot;fadeInUp&quot;}\" data-widget_type=\"heading.default\">\n\t\t\t\t\t<h2 class=\"elementor-heading-title elementor-size-default\">ALPE Brasil Trading \u8bda\u9080\u5e0c\u671b\u4ee5\u900f\u660e\u5408\u89c4\u7684\u65b9\u5f0f\u63a8\u8350\u5ba2\u6237\u3001\u9700\u6c42\u548c\u51fa\u53e3\u673a\u4f1a\u7684\u4e13\u4e1a\u4eba\u58eb\u548c\u516c\u53f8\u5efa\u7acb\u5546\u4e1a\u5408\u4f5c\u5173\u7cfb\u3002\u8bf7\u586b\u5199\u60a8\u7684\u57fa\u672c\u4fe1\u606f\u4ee5\u6ce8\u518c\u6210\u4e3a\u5408\u4f5c\u4f19\u4f34\u3002\u6211\u4eec\u7684\u56e2\u961f\u5c06\u5206\u6790\u60a8\u7684\u8d44\u6599\uff0c\u5982\u679c\u7b26\u5408\u6211\u4eec\u7684\u8981\u6c42\uff0c\u6211\u4eec\u5c06\u4e0e\u60a8\u8054\u7cfb\uff0c\u8ba8\u8bba\u5408\u4f5c\u6a21\u5f0f\u548c\u540e\u7eed\u6b65\u9aa4\u3002<\/h2>\t\t\t\t<\/div>\n\t\t\t\t<\/div>\n\t\t<div data-particle_enable=\"false\" data-particle-mobile-disabled=\"false\" class=\"elementor-element elementor-element-595387a e-con-full e-flex e-con e-child\" data-id=\"595387a\" data-element_type=\"container\">\n\t\t\t\t<div class=\"elementor-element elementor-element-ada5149 elementor-invisible elementor-widget elementor-widget-image\" data-id=\"ada5149\" data-element_type=\"widget\" data-settings=\"{&quot;_animation&quot;:&quot;fadeInUp&quot;}\" data-widget_type=\"image.default\">\n\t\t\t\t\t\t\t\t\t\t\t\t\t\t\t<img fetchpriority=\"high\" decoding=\"async\" width=\"800\" height=\"963\" src=\"https:\/\/alpebrasil.com\/wp-content\/uploads\/2026\/01\/parceiros-851x1024.png\" class=\"attachment-large size-large wp-image-748\" alt=\"\" srcset=\"https:\/\/alpebrasil.com\/wp-content\/uploads\/2026\/01\/parceiros-851x1024.png 851w, https:\/\/alpebrasil.com\/wp-content\/uploads\/2026\/01\/parceiros-249x300.png 249w, https:\/\/alpebrasil.com\/wp-content\/uploads\/2026\/01\/parceiros-768x924.png 768w, https:\/\/alpebrasil.com\/wp-content\/uploads\/2026\/01\/parceiros-10x12.png 10w, https:\/\/alpebrasil.com\/wp-content\/uploads\/2026\/01\/parceiros.png 875w\" sizes=\"(max-width: 800px) 100vw, 800px\" \/>\t\t\t\t\t\t\t\t\t\t\t\t\t\t\t<\/div>\n\t\t<div data-particle_enable=\"false\" data-particle-mobile-disabled=\"false\" class=\"elementor-element elementor-element-b8e3df6 e-con-full elementor-hidden-mobile e-flex elementor-invisible e-con e-child\" data-id=\"b8e3df6\" data-element_type=\"container\" data-settings=\"{&quot;background_background&quot;:&quot;classic&quot;,&quot;animation&quot;:&quot;fadeInUp&quot;}\">\n\t\t\t\t<div class=\"elementor-element elementor-element-f5a27cf icon-nomargin elementor-widget elementor-widget-image\" data-id=\"f5a27cf\" data-element_type=\"widget\" data-widget_type=\"image.default\">\n\t\t\t\t\t\t\t\t\t\t\t\t\t\t\t<img decoding=\"async\" width=\"48\" height=\"48\" src=\"https:\/\/alpebrasil.com\/wp-content\/uploads\/2025\/12\/loc.svg\" class=\"attachment-large size-large wp-image-315\" alt=\"\" \/>\t\t\t\t\t\t\t\t\t\t\t\t\t\t\t<\/div>\n\t\t\t\t<div class=\"elementor-element elementor-element-50784e3 elementor-widget__width-auto elementor-invisible elementor-widget elementor-widget-heading\" data-id=\"50784e3\" data-element_type=\"widget\" data-settings=\"{&quot;_animation&quot;:&quot;fadeInUp&quot;}\" data-widget_type=\"heading.default\">\n\t\t\t\t\t<h2 class=\"elementor-heading-title elementor-size-default\">\u6211\u4eec\u4f4d\u4e8e\u54ea\u91cc<\/h2>\t\t\t\t<\/div>\n\t\t\t\t<div class=\"elementor-element elementor-element-8596324 elementor-widget__width-auto elementor-invisible elementor-widget elementor-widget-heading\" data-id=\"8596324\" data-element_type=\"widget\" data-settings=\"{&quot;_animation&quot;:&quot;fadeInUp&quot;}\" data-widget_type=\"heading.default\">\n\t\t\t\t\t<h2 class=\"elementor-heading-title elementor-size-default\">Avenida Tancredo Neves, 2539, Sala 2609 , Salvador Shopping Torre Londres, Caminho das \u00c1rvores, Salvador - BA, 41820-021<\/h2>\t\t\t\t<\/div>\n\t\t\t\t<\/div>\n\t\t\t\t<\/div>\n\t\t\t\t<\/div>\n\t\t<div data-particle_enable=\"false\" data-particle-mobile-disabled=\"false\" class=\"elementor-element elementor-element-57cab20 e-con-full e-flex e-con e-child\" data-id=\"57cab20\" data-element_type=\"container\" data-settings=\"{&quot;background_background&quot;:&quot;classic&quot;}\">\n\t\t<div data-particle_enable=\"false\" data-particle-mobile-disabled=\"false\" class=\"elementor-element elementor-element-d84df63 e-con-full e-flex elementor-invisible e-con e-child\" data-id=\"d84df63\" data-element_type=\"container\" data-settings=\"{&quot;background_background&quot;:&quot;classic&quot;,&quot;sticky&quot;:&quot;top&quot;,&quot;sticky_offset&quot;:20,&quot;sticky_parent&quot;:&quot;yes&quot;,&quot;animation&quot;:&quot;fadeInUp&quot;,&quot;sticky_on&quot;:[&quot;desktop&quot;,&quot;tablet&quot;,&quot;mobile&quot;],&quot;sticky_effects_offset&quot;:0,&quot;sticky_anchor_link_offset&quot;:0}\">\n\t\t\t\t<div class=\"elementor-element elementor-element-98ab2e2 elementor-widget__width-auto elementor-invisible elementor-widget elementor-widget-heading\" data-id=\"98ab2e2\" data-element_type=\"widget\" data-settings=\"{&quot;_animation&quot;:&quot;fadeInUp&quot;}\" data-widget_type=\"heading.default\">\n\t\t\t\t\t<h2 class=\"elementor-heading-title elementor-size-default\">\u8054\u7cfb\u6211\u4eec<\/h2>\t\t\t\t<\/div>\n\t\t\t\t<div class=\"elementor-element elementor-element-8d6bf79 elementor-widget-divider--view-line elementor-widget elementor-widget-divider\" data-id=\"8d6bf79\" data-element_type=\"widget\" data-widget_type=\"divider.default\">\n\t\t\t\t\t\t\t<div class=\"elementor-divider\">\n\t\t\t<span class=\"elementor-divider-separator\">\n\t\t\t\t\t\t<\/span>\n\t\t<\/div>\n\t\t\t\t\t\t<\/div>\n\t\t<div data-particle_enable=\"false\" data-particle-mobile-disabled=\"false\" class=\"elementor-element elementor-element-06b0d22 e-con-full e-flex e-con e-child\" data-id=\"06b0d22\" data-element_type=\"container\">\n\t\t\t\t<div class=\"elementor-element elementor-element-fa91e0e elementor-button-align-stretch elementor-invisible elementor-widget elementor-widget-form\" data-id=\"fa91e0e\" data-element_type=\"widget\" data-settings=\"{&quot;step_next_label&quot;:&quot;Next&quot;,&quot;step_previous_label&quot;:&quot;Previous&quot;,&quot;_animation&quot;:&quot;fadeInUp&quot;,&quot;button_width&quot;:&quot;100&quot;,&quot;step_type&quot;:&quot;number_text&quot;,&quot;step_icon_shape&quot;:&quot;circle&quot;}\" data-widget_type=\"form.default\">\n\t\t\t\t\t<template id=\"cfef_logic_data_fa91e0e\" class=\"cfef_logic_data_js\" data-form-id=\"fa91e0e\">{&quot;field_c98e5f6&quot;:{&quot;display_mode&quot;:&quot;show&quot;,&quot;fire_action&quot;:&quot;All&quot;,&quot;file_types&quot;:&quot;png&quot;,&quot;logic_data&quot;:[{&quot;cfef_logic_field_id&quot;:&quot;contato_rapido&quot;,&quot;cfef_logic_field_is&quot;:&quot;==&quot;,&quot;cfef_logic_compare_value&quot;:&quot;WhatsApp&quot;,&quot;_id&quot;:&quot;d573ecf&quot;}]},&quot;field_d0c3a09&quot;:{&quot;display_mode&quot;:&quot;show&quot;,&quot;fire_action&quot;:&quot;All&quot;,&quot;file_types&quot;:&quot;png&quot;,&quot;logic_data&quot;:[{&quot;cfef_logic_field_id&quot;:&quot;contato_rapido&quot;,&quot;cfef_logic_field_is&quot;:&quot;==&quot;,&quot;cfef_logic_compare_value&quot;:&quot;Telegram&quot;,&quot;_id&quot;:&quot;d573ecf&quot;}]},&quot;field_798a80e&quot;:{&quot;display_mode&quot;:&quot;show&quot;,&quot;fire_action&quot;:&quot;All&quot;,&quot;file_types&quot;:&quot;png&quot;,&quot;logic_data&quot;:[{&quot;cfef_logic_field_id&quot;:&quot;contato_rapido&quot;,&quot;cfef_logic_field_is&quot;:&quot;==&quot;,&quot;cfef_logic_compare_value&quot;:&quot;WeChat&quot;,&quot;_id&quot;:&quot;d573ecf&quot;}]},&quot;field_de8a451&quot;:{&quot;display_mode&quot;:&quot;show&quot;,&quot;fire_action&quot;:&quot;All&quot;,&quot;file_types&quot;:&quot;png&quot;,&quot;logic_data&quot;:[{&quot;cfef_logic_field_id&quot;:&quot;contato_rapido&quot;,&quot;cfef_logic_field_is&quot;:&quot;==&quot;,&quot;cfef_logic_compare_value&quot;:&quot;VK&quot;,&quot;_id&quot;:&quot;d573ecf&quot;}]}}<\/template>\t\t<form class=\"elementor-form\" method=\"post\" name=\"PARCEIRO\" aria-label=\"PARCEIRO\">\n\t\t\t<input type=\"hidden\" name=\"post_id\" value=\"371\"\/>\n\t\t\t<input type=\"hidden\" name=\"form_id\" value=\"fa91e0e\"\/>\n\t\t\t<input type=\"hidden\" name=\"referer_title\" value=\"Parceiros\" \/>\n\n\t\t\t\t\t\t\t<input type=\"hidden\" name=\"queried_id\" value=\"371\"\/>\n\t\t\t\n\t\t\t<div class=\"elementor-form-fields-wrapper elementor-labels-above\">\n\t\t\t\t\t\t\t\t<div class=\"elementor-field-type-text elementor-field-group elementor-column elementor-field-group-name elementor-col-100 elementor-field-required\">\n\t\t\t\t\t\t\t\t\t\t\t\t<label for=\"form-field-name\" class=\"elementor-field-label\">\n\t\t\t\t\t\t\t\t\u59d3\u540d\t\t\t\t\t\t\t<\/label>\n\t\t\t\t\t\t\t\t\t\t\t\t\t\t<input size=\"1\" type=\"text\" name=\"form_fields[name]\" id=\"form-field-name\" class=\"elementor-field elementor-size-sm  elementor-field-textual\" placeholder=\"\u8bf7\u8f93\u5165\u60a8\u7684\u5168\u540d\u3002\" required=\"required\">\n\t\t\t\t\t\t\t\t\t\t\t<\/div>\n\t\t\t\t\t\t\t\t<div class=\"elementor-field-type-email elementor-field-group elementor-column elementor-field-group-field_4ca78a8 elementor-col-100 elementor-field-required\">\n\t\t\t\t\t\t\t\t\t\t\t\t<label for=\"form-field-field_4ca78a8\" class=\"elementor-field-label\">\n\t\t\t\t\t\t\t\t\u7535\u5b50\u90ae\u4ef6\t\t\t\t\t\t\t<\/label>\n\t\t\t\t\t\t\t\t\t\t\t\t\t\t<input size=\"1\" type=\"email\" name=\"form_fields[field_4ca78a8]\" id=\"form-field-field_4ca78a8\" class=\"elementor-field elementor-size-sm  elementor-field-textual\" placeholder=\"\u8f93\u5165\u60a8\u7684\u7535\u5b50\u90ae\u4ef6\" required=\"required\">\n\t\t\t\t\t\t\t\t\t\t\t<\/div>\n\t\t\t\t\t\t\t\t<div class=\"elementor-field-type-text elementor-field-group elementor-column elementor-field-group-field_315de42 elementor-col-100\">\n\t\t\t\t\t\t\t\t\t\t\t\t<label for=\"form-field-field_315de42\" class=\"elementor-field-label\">\n\t\t\t\t\t\t\t\t\u4f01\u4e1a\t\t\t\t\t\t\t<\/label>\n\t\t\t\t\t\t\t\t\t\t\t\t\t\t<input size=\"1\" type=\"text\" name=\"form_fields[field_315de42]\" id=\"form-field-field_315de42\" class=\"elementor-field elementor-size-sm  elementor-field-textual\" placeholder=\"\u8bf7\u8f93\u5165\u60a8\u7684\u516c\u53f8\u540d\u79f0\u3002\">\n\t\t\t\t\t\t\t\t\t\t\t<\/div>\n\t\t\t\t\t\t\t\t<div class=\"elementor-field-type-tel elementor-field-group elementor-column elementor-field-group-field_f4fc9ec elementor-col-100 elementor-field-required\">\n\t\t\t\t\t\t\t\t\t\t\t\t<label for=\"form-field-field_f4fc9ec\" class=\"elementor-field-label\">\n\t\t\t\t\t\t\t\t\u7535\u8bdd\u53f7\u7801\t\t\t\t\t\t\t<\/label>\n\t\t\t\t\t\t\t\t<input size=\"1\" type=\"tel\" name=\"form_fields[field_f4fc9ec]\" id=\"form-field-field_f4fc9ec\" class=\"elementor-field elementor-size-sm  elementor-field-textual\" placeholder=\"\u8bf7\u8f93\u5165\u60a8\u7684\u7535\u8bdd\u53f7\u7801\u3002\" required=\"required\" pattern=\"[0-9()#&amp;+*-=.]+\" title=\"Only numbers and phone characters (#, -, *, etc) are accepted.\" data-no-translation-title=\"\">\n\n\t\t\t\t\t\t<\/div>\n\t\t\t\t\t\t\t\t<div class=\"elementor-field-type-text elementor-field-group elementor-column elementor-field-group-field_d7fcc4d elementor-col-100 elementor-field-required\">\n\t\t\t\t\t\t\t\t\t\t\t\t<label for=\"form-field-field_d7fcc4d\" class=\"elementor-field-label\">\n\t\t\t\t\t\t\t\t\u4f60\u4f4d\u4e8e\u54ea\u91cc\uff1f\t\t\t\t\t\t\t<\/label>\n\t\t\t\t\t\t\t\t\t\t\t\t\t\t<input size=\"1\" type=\"text\" name=\"form_fields[field_d7fcc4d]\" id=\"form-field-field_d7fcc4d\" class=\"elementor-field elementor-size-sm  elementor-field-textual\" placeholder=\"Digite o pa\u00eds que voc\u00ea est\u00e1 localizado\" required=\"required\">\n\t\t\t\t\t\t\t\t\t\t\t<\/div>\n\t\t\t\t\t\t\t\t<div class=\"elementor-field-type-select elementor-field-group elementor-column elementor-field-group-contato_rapido elementor-col-100 elementor-field-required\">\n\t\t\t\t\t\t\t\t\t\t\t\t<label for=\"form-field-contato_rapido\" class=\"elementor-field-label\">\n\t\t\t\t\t\t\t\t\u5feb\u901f\u8054\u7cfb\t\t\t\t\t\t\t<\/label>\n\t\t\t\t\t\t\t\t<div class=\"elementor-field elementor-select-wrapper remove-before\">\n\t\t\t<div class=\"select-caret-down-wrapper\">\n\t\t\t\t<svg aria-hidden=\"true\" class=\"e-font-icon-svg e-eicon-caret-down\" viewbox=\"0 0 571.4 571.4\" xmlns=\"http:\/\/www.w3.org\/2000\/svg\"><path d=\"M571 393Q571 407 561 418L311 668Q300 679 286 679T261 668L11 418Q0 407 0 393T11 368 36 357H536Q550 357 561 368T571 393Z\"><\/path><\/svg>\t\t\t<\/div>\n\t\t\t<select name=\"form_fields[contato_rapido]\" id=\"form-field-contato_rapido\" class=\"elementor-field-textual elementor-size-sm\" required=\"required\">\n\t\t\t\t\t\t\t\t\t<option value=\"\">Selecione<\/option>\n\t\t\t\t\t\t\t\t\t<option value=\"WhatsApp\">WhatsApp<\/option>\n\t\t\t\t\t\t\t\t\t<option value=\"Telegram\">Telegram<\/option>\n\t\t\t\t\t\t\t\t\t<option value=\"WeChat\">WeChat<\/option>\n\t\t\t\t\t\t\t\t\t<option value=\"VK\">VK<\/option>\n\t\t\t\t\t\t\t<\/select>\n\t\t<\/div>\n\t\t\t\t\t\t<\/div>\n\t\t\t\t\t\t\t\t<div class=\"elementor-field-type-text elementor-field-group elementor-column elementor-field-group-field_c98e5f6 elementor-col-100 elementor-field-required\">\n\t\t\t\t\t\t\t\t\t\t\t\t<label for=\"form-field-field_c98e5f6\" class=\"elementor-field-label\">\n\t\t\t\t\t\t\t\t\u8f93\u5165\u60a8\u7684 WhatsApp\t\t\t\t\t\t\t<\/label>\n\t\t\t\t\t\t\t\t\t\t\t\t\t\t<input size=\"1\" type=\"text\" name=\"form_fields[field_c98e5f6]\" id=\"form-field-field_c98e5f6\" class=\"elementor-field elementor-size-sm  elementor-field-textual\" placeholder=\"\u4f8b\u5982\uff1a+55 11 91234-5678\" required=\"required\">\n\t\t\t\t\t\t\t\t\t\t\t<\/div>\n\t\t\t\t\t\t\t\t<div class=\"elementor-field-type-text elementor-field-group elementor-column elementor-field-group-field_d0c3a09 elementor-col-100 elementor-field-required\">\n\t\t\t\t\t\t\t\t\t\t\t\t<label for=\"form-field-field_d0c3a09\" class=\"elementor-field-label\">\n\t\t\t\t\t\t\t\t\u8f93\u5165\u60a8\u7684\u7535\u62a5\t\t\t\t\t\t\t<\/label>\n\t\t\t\t\t\t\t\t\t\t\t\t\t\t<input size=\"1\" type=\"text\" name=\"form_fields[field_d0c3a09]\" id=\"form-field-field_d0c3a09\" class=\"elementor-field elementor-size-sm  elementor-field-textual\" placeholder=\"@\u7528\u6237\u540d\" required=\"required\">\n\t\t\t\t\t\t\t\t\t\t\t<\/div>\n\t\t\t\t\t\t\t\t<div class=\"elementor-field-type-text elementor-field-group elementor-column elementor-field-group-field_798a80e elementor-col-100 elementor-field-required\">\n\t\t\t\t\t\t\t\t\t\t\t\t<label for=\"form-field-field_798a80e\" class=\"elementor-field-label\">\n\t\t\t\t\t\t\t\t\u8bf7\u8f93\u5165\u60a8\u7684\u5fae\u4fe1\u7528\u6237\u540d\u3002\t\t\t\t\t\t\t<\/label>\n\t\t\t\t\t\t\t\t\t\t\t\t\t\t<input size=\"1\" type=\"text\" name=\"form_fields[field_798a80e]\" id=\"form-field-field_798a80e\" class=\"elementor-field elementor-size-sm  elementor-field-textual\" placeholder=\"\u4f8b\u5982\uff1ajoao_silva123\" required=\"required\">\n\t\t\t\t\t\t\t\t\t\t\t<\/div>\n\t\t\t\t\t\t\t\t<div class=\"elementor-field-type-text elementor-field-group elementor-column elementor-field-group-field_de8a451 elementor-col-100 elementor-field-required\">\n\t\t\t\t\t\t\t\t\t\t\t\t<label for=\"form-field-field_de8a451\" class=\"elementor-field-label\">\n\t\t\t\t\t\t\t\t\u7c98\u8d34\u4f60\u7684VK\u94fe\u63a5\u3002\t\t\t\t\t\t\t<\/label>\n\t\t\t\t\t\t\t\t\t\t\t\t\t\t<input size=\"1\" type=\"text\" name=\"form_fields[field_de8a451]\" id=\"form-field-field_de8a451\" class=\"elementor-field elementor-size-sm  elementor-field-textual\" placeholder=\"\u4f8b\u5982\uff1avk.com\/id1234567\" required=\"required\">\n\t\t\t\t\t\t\t\t\t\t\t<\/div>\n\t\t\t\t\t\t\t\t<div class=\"elementor-field-group elementor-column elementor-field-type-submit elementor-col-100 e-form__buttons\">\n\t\t\t\t\t<button class=\"elementor-button elementor-size-sm\" type=\"submit\">\n\t\t\t\t\t\t<span class=\"elementor-button-content-wrapper\">\n\t\t\t\t\t\t\t\t\t\t\t\t\t\t\t<span class=\"elementor-button-icon\">\n\t\t\t\t\t\t\t\t\t<svg xmlns=\"http:\/\/www.w3.org\/2000\/svg\" width=\"32\" height=\"32\" fill=\"#000000\" viewbox=\"0 0 256 256\"><path d=\"M221.66,133.66l-72,72a8,8,0,0,1-11.32-11.32L196.69,136H40a8,8,0,0,1,0-16H196.69L138.34,61.66a8,8,0,0,1,11.32-11.32l72,72A8,8,0,0,1,221.66,133.66Z\"><\/path><\/svg>\t\t\t\t\t\t\t\t\t\t\t\t\t\t\t\t\t<\/span>\n\t\t\t\t\t\t\t\t\t\t\t\t\t\t\t\t\t\t\t\t\t\t<span class=\"elementor-button-text\">\u63d0\u4ea4\u8bf7\u6c42<\/span>\n\t\t\t\t\t\t\t\t\t\t\t\t\t<\/span>\n\t\t\t\t\t<\/button>\n\t\t\t\t<\/div>\n\t\t\t<\/div>\n\t\t<input type=\"hidden\" name=\"trp-form-language\" value=\"zh\"\/><\/form>\n\t\t\t\t\t\t<\/div>\n\t\t\t\t<div class=\"elementor-element elementor-element-38234b8 elementor-absolute elementor-widget-divider--view-line elementor-widget elementor-widget-divider\" data-id=\"38234b8\" data-element_type=\"widget\" data-settings=\"{&quot;_position&quot;:&quot;absolute&quot;}\" data-widget_type=\"divider.default\">\n\t\t\t\t\t\t\t<div class=\"elementor-divider\">\n\t\t\t<span class=\"elementor-divider-separator\">\n\t\t\t\t\t\t<\/span>\n\t\t<\/div>\n\t\t\t\t\t\t<\/div>\n\t\t\t\t<\/div>\n\t\t\t\t<div class=\"elementor-element elementor-element-33d4abe elementor-icon-list--layout-traditional elementor-list-item-link-full_width elementor-widget elementor-widget-icon-list\" data-id=\"33d4abe\" data-element_type=\"widget\" data-widget_type=\"icon-list.default\">\n\t\t\t\t\t\t\t<ul class=\"elementor-icon-list-items\">\n\t\t\t\t\t\t\t<li class=\"elementor-icon-list-item\">\n\t\t\t\t\t\t\t\t\t\t\t<span class=\"elementor-icon-list-icon\">\n\t\t\t\t\t\t\t<svg xmlns=\"http:\/\/www.w3.org\/2000\/svg\" width=\"32\" height=\"32\" fill=\"#000000\" viewbox=\"0 0 256 256\"><path d=\"M208,40H48A16,16,0,0,0,32,56v56c0,52.72,25.52,84.67,46.93,102.19,23.06,18.86,46,25.26,47,25.53a8,8,0,0,0,4.2,0c1-.27,23.91-6.67,47-25.53C198.48,196.67,224,164.72,224,112V56A16,16,0,0,0,208,40Zm0,72c0,37.07-13.66,67.16-40.6,89.42A129.3,129.3,0,0,1,128,223.62a128.25,128.25,0,0,1-38.92-21.81C61.82,179.51,48,149.3,48,112l0-56,160,0ZM82.34,141.66a8,8,0,0,1,11.32-11.32L112,148.69l50.34-50.35a8,8,0,0,1,11.32,11.32l-56,56a8,8,0,0,1-11.32,0Z\"><\/path><\/svg>\t\t\t\t\t\t<\/span>\n\t\t\t\t\t\t\t\t\t\t<span class=\"elementor-icon-list-text\">\u60a8\u7684\u4fe1\u606f\u5b89\u5168\u65e0\u865e\u3002<\/span>\n\t\t\t\t\t\t\t\t\t<\/li>\n\t\t\t\t\t\t<\/ul>\n\t\t\t\t\t\t<\/div>\n\t\t\t\t<\/div>\n\t\t\t\t<\/div>\n\t\t\t\t<\/div>\n\t\t\t\t\t<\/div>\n\t\t\t\t<\/div>\n\t\t\t\t<\/div>","protected":false},"excerpt":{"rendered":"<p>FALE CONOSCO Torne-se um parceiro nosso A ALPE Brasil Trading est\u00e1 aberta a parcerias comerciais com profissionais e empresas que desejam indicar clientes, demandas e oportunidades de exporta\u00e7\u00e3o com transpar\u00eancia e conformidade. Preencha seus dados b\u00e1sicos para se cadastrar como parceiro. Nossa equipe analisar\u00e1 o perfil e, em caso de ader\u00eancia, entrar\u00e1 em contato para [&hellip;]<\/p>","protected":false},"author":1,"featured_media":0,"parent":0,"menu_order":0,"comment_status":"closed","ping_status":"closed","template":"","meta":{"footnotes":""},"class_list":["post-371","page","type-page","status-publish","hentry"],"_links":{"self":[{"href":"https:\/\/alpebrasil.com\/zh\/wp-json\/wp\/v2\/pages\/371","targetHints":{"allow":["GET"]}}],"collection":[{"href":"https:\/\/alpebrasil.com\/zh\/wp-json\/wp\/v2\/pages"}],"about":[{"href":"https:\/\/alpebrasil.com\/zh\/wp-json\/wp\/v2\/types\/page"}],"author":[{"embeddable":true,"href":"https:\/\/alpebrasil.com\/zh\/wp-json\/wp\/v2\/users\/1"}],"replies":[{"embeddable":true,"href":"https:\/\/alpebrasil.com\/zh\/wp-json\/wp\/v2\/comments?post=371"}],"version-history":[{"count":37,"href":"https:\/\/alpebrasil.com\/zh\/wp-json\/wp\/v2\/pages\/371\/revisions"}],"predecessor-version":[{"id":834,"href":"https:\/\/alpebrasil.com\/zh\/wp-json\/wp\/v2\/pages\/371\/revisions\/834"}],"wp:attachment":[{"href":"https:\/\/alpebrasil.com\/zh\/wp-json\/wp\/v2\/media?parent=371"}],"curies":[{"name":"wp","href":"https:\/\/api.w.org\/{rel}","templated":true}]}}